{"id":13,"date":"2025-04-07T14:53:54","date_gmt":"2025-04-07T14:53:54","guid":{"rendered":"http:\/\/kutilmartin.eu\/?page_id=13"},"modified":"2025-04-07T15:37:19","modified_gmt":"2025-04-07T15:37:19","slug":"domu","status":"publish","type":"page","link":"http:\/\/kutilmartin.eu\/","title":{"rendered":"Dom\u016f"},"content":{"rendered":"\n<p>V\u00edtejte webov\u00fdch str\u00e1nk\u00e1ch, kde se specializujeme na mont\u00e1\u017en\u00ed pr\u00e1ce a poskytujeme slu\u017ebu hodinov\u00e9ho man\u017eela pro va\u0161e dom\u00e1c\u00ed \u00fakoly.<\/p>\n\n\n\n<p>D\u00e1le nab\u00edz\u00edm elektrik\u00e1\u0159sk\u00e9, zahradnick\u00e9, drobn\u00e9 zednick\u00e9, mal\u00ed\u0159sk\u00e9, podlah\u00e1\u0159sk\u00e9 a dal\u0161\u00ed pr\u00e1ce.<\/p>\n\n\n\n<p>Instaluji kuchy\u0148sk\u00e9 linky s kompletn\u00edm dopojen\u00edm na vodu a odpad a zapojen\u00edm spot\u0159ebi\u010d\u016f.<\/p>\n\n\n\n<p>Dod\u00e1v\u00e1m a instaluji st\u00edn\u00edc\u00ed techniku<\/p>\n\n\n\n<p>Se\u0159\u00edd\u00edm okna a dve\u0159e<\/p>\n","protected":false},"excerpt":{"rendered":"<p>V\u00edtejte webov\u00fdch str\u00e1nk\u00e1ch, kde se specializujeme na mont\u00e1\u017en\u00ed pr\u00e1ce a poskytujeme slu\u017ebu hodinov\u00e9ho man\u017eela pro va\u0161e dom\u00e1c\u00ed \u00fakoly. D\u00e1le nab\u00edz\u00edm elektrik\u00e1\u0159sk\u00e9, zahradnick\u00e9, drobn\u00e9 zednick\u00e9, mal\u00ed\u0159sk\u00e9, podlah\u00e1\u0159sk\u00e9 a dal\u0161\u00ed pr\u00e1ce. Instaluji kuchy\u0148sk\u00e9 linky s kompletn\u00edm dopojen\u00edm na vodu a odpad a zapojen\u00edm spot\u0159ebi\u010d\u016f. Dod\u00e1v\u00e1m a instaluji st\u00edn\u00edc\u00ed techniku Se\u0159\u00edd\u00edm okna a dve\u0159e<\/p>\n","protected":false},"author":1,"featured_media":20,"parent":0,"menu_order":0,"comment_status":"closed","ping_status":"closed","template":"","meta":{"footnotes":""},"class_list":["post-13","page","type-page","status-publish","has-post-thumbnail","hentry"],"_links":{"self":[{"href":"http:\/\/kutilmartin.eu\/index.php?rest_route=\/wp\/v2\/pages\/13","targetHints":{"allow":["GET"]}}],"collection":[{"href":"http:\/\/kutilmartin.eu\/index.php?rest_route=\/wp\/v2\/pages"}],"about":[{"href":"http:\/\/kutilmartin.eu\/index.php?rest_route=\/wp\/v2\/types\/page"}],"author":[{"embeddable":true,"href":"http:\/\/kutilmartin.eu\/index.php?rest_route=\/wp\/v2\/users\/1"}],"replies":[{"embeddable":true,"href":"http:\/\/kutilmartin.eu\/index.php?rest_route=%2Fwp%2Fv2%2Fcomments&post=13"}],"version-history":[{"count":6,"href":"http:\/\/kutilmartin.eu\/index.php?rest_route=\/wp\/v2\/pages\/13\/revisions"}],"predecessor-version":[{"id":61,"href":"http:\/\/kutilmartin.eu\/index.php?rest_route=\/wp\/v2\/pages\/13\/revisions\/61"}],"wp:featuredmedia":[{"embeddable":true,"href":"http:\/\/kutilmartin.eu\/index.php?rest_route=\/wp\/v2\/media\/20"}],"wp:attachment":[{"href":"http:\/\/kutilmartin.eu\/index.php?rest_route=%2Fwp%2Fv2%2Fmedia&parent=13"}],"curies":[{"name":"wp","href":"https:\/\/api.w.org\/{rel}","templated":true}]}}