{"id":14,"date":"2025-04-07T14:53:54","date_gmt":"2025-04-07T14:53:54","guid":{"rendered":"http:\/\/kutilmartin.eu\/?page_id=14"},"modified":"2025-04-07T15:37:51","modified_gmt":"2025-04-07T15:37:51","slug":"o-nas","status":"publish","type":"page","link":"http:\/\/kutilmartin.eu\/?page_id=14","title":{"rendered":"O m\u011b"},"content":{"rendered":"\n<p>Jsem \u0159emesln\u00edk s dlouholetou prax\u00ed  a specializuji se na v\u0161echny druhy mont\u00e1\u017en\u00edch prac\u00ed. S p\u0159\u00e1telsk\u00fdm a profesion\u00e1ln\u00edm p\u0159\u00edstupem se v\u017edy sna\u017e\u00edm splnit p\u0159\u00e1n\u00ed a pot\u0159eby z\u00e1kazn\u00edk\u016f. Spolehlivost a kvalita pr\u00e1ce jsou pro m\u011b na prvn\u00edm m\u00edst\u011b.<\/p>\n","protected":false},"excerpt":{"rendered":"<p>Jsem \u0159emesln\u00edk s dlouholetou prax\u00ed a specializuji se na v\u0161echny druhy mont\u00e1\u017en\u00edch prac\u00ed. S p\u0159\u00e1telsk\u00fdm a profesion\u00e1ln\u00edm p\u0159\u00edstupem se v\u017edy sna\u017e\u00edm splnit p\u0159\u00e1n\u00ed a pot\u0159eby z\u00e1kazn\u00edk\u016f. Spolehlivost a kvalita pr\u00e1ce jsou pro m\u011b na prvn\u00edm m\u00edst\u011b.<\/p>\n","protected":false},"author":1,"featured_media":51,"parent":0,"menu_order":0,"comment_status":"closed","ping_status":"closed","template":"","meta":{"footnotes":""},"class_list":["post-14","page","type-page","status-publish","has-post-thumbnail","hentry"],"_links":{"self":[{"href":"http:\/\/kutilmartin.eu\/index.php?rest_route=\/wp\/v2\/pages\/14","targetHints":{"allow":["GET"]}}],"collection":[{"href":"http:\/\/kutilmartin.eu\/index.php?rest_route=\/wp\/v2\/pages"}],"about":[{"href":"http:\/\/kutilmartin.eu\/index.php?rest_route=\/wp\/v2\/types\/page"}],"author":[{"embeddable":true,"href":"http:\/\/kutilmartin.eu\/index.php?rest_route=\/wp\/v2\/users\/1"}],"replies":[{"embeddable":true,"href":"http:\/\/kutilmartin.eu\/index.php?rest_route=%2Fwp%2Fv2%2Fcomments&post=14"}],"version-history":[{"count":3,"href":"http:\/\/kutilmartin.eu\/index.php?rest_route=\/wp\/v2\/pages\/14\/revisions"}],"predecessor-version":[{"id":62,"href":"http:\/\/kutilmartin.eu\/index.php?rest_route=\/wp\/v2\/pages\/14\/revisions\/62"}],"wp:featuredmedia":[{"embeddable":true,"href":"http:\/\/kutilmartin.eu\/index.php?rest_route=\/wp\/v2\/media\/51"}],"wp:attachment":[{"href":"http:\/\/kutilmartin.eu\/index.php?rest_route=%2Fwp%2Fv2%2Fmedia&parent=14"}],"curies":[{"name":"wp","href":"https:\/\/api.w.org\/{rel}","templated":true}]}}