{"id":70,"date":"2025-04-07T15:51:14","date_gmt":"2025-04-07T15:51:14","guid":{"rendered":"http:\/\/kutilmartin.eu\/?page_id=70"},"modified":"2025-04-07T16:01:34","modified_gmt":"2025-04-07T16:01:34","slug":"sluzby","status":"publish","type":"page","link":"http:\/\/kutilmartin.eu\/?page_id=70","title":{"rendered":"Slu\u017eby"},"content":{"rendered":"\n<p>Prov\u00e1d\u00edm n\u00e1sleduj\u00edc\u00ed pr\u00e1ce:<\/p>\n\n\n\n<ul class=\"wp-block-list\">\n<li>elektrik\u00e1\u0159sk\u00e9 pr\u00e1ce, zapojen\u00ed a v\u00fdm\u011bna z\u00e1suvek, instalace osv\u011btlen\u00ed<\/li>\n\n\n\n<li>drobn\u00e9 zednick\u00e9 pr\u00e1ce<\/li>\n\n\n\n<li>mal\u00ed\u0159sk\u00e9 pr\u00e1ce<\/li>\n\n\n\n<li>pokl\u00e1dku podlahov\u00fd krytin, vinylov\u00e9 a lamin\u00e1tov\u00e9 podlahy<\/li>\n\n\n\n<li>servis plastov\u00fdch oken a dve\u0159\u00ed<\/li>\n\n\n\n<li>instalat\u00e9rsk\u00e9 pr\u00e1ce<\/li>\n\n\n\n<li>mont\u00e1\u017e n\u00e1bytku<\/li>\n\n\n\n<li>zahradnick\u00e9 pr\u00e1ce<\/li>\n<\/ul>\n","protected":false},"excerpt":{"rendered":"<p>Prov\u00e1d\u00edm n\u00e1sleduj\u00edc\u00ed pr\u00e1ce:<\/p>\n","protected":false},"author":1,"featured_media":78,"parent":0,"menu_order":0,"comment_status":"closed","ping_status":"closed","template":"","meta":{"footnotes":""},"class_list":["post-70","page","type-page","status-publish","has-post-thumbnail","hentry"],"_links":{"self":[{"href":"http:\/\/kutilmartin.eu\/index.php?rest_route=\/wp\/v2\/pages\/70","targetHints":{"allow":["GET"]}}],"collection":[{"href":"http:\/\/kutilmartin.eu\/index.php?rest_route=\/wp\/v2\/pages"}],"about":[{"href":"http:\/\/kutilmartin.eu\/index.php?rest_route=\/wp\/v2\/types\/page"}],"author":[{"embeddable":true,"href":"http:\/\/kutilmartin.eu\/index.php?rest_route=\/wp\/v2\/users\/1"}],"replies":[{"embeddable":true,"href":"http:\/\/kutilmartin.eu\/index.php?rest_route=%2Fwp%2Fv2%2Fcomments&post=70"}],"version-history":[{"count":3,"href":"http:\/\/kutilmartin.eu\/index.php?rest_route=\/wp\/v2\/pages\/70\/revisions"}],"predecessor-version":[{"id":79,"href":"http:\/\/kutilmartin.eu\/index.php?rest_route=\/wp\/v2\/pages\/70\/revisions\/79"}],"wp:featuredmedia":[{"embeddable":true,"href":"http:\/\/kutilmartin.eu\/index.php?rest_route=\/wp\/v2\/media\/78"}],"wp:attachment":[{"href":"http:\/\/kutilmartin.eu\/index.php?rest_route=%2Fwp%2Fv2%2Fmedia&parent=70"}],"curies":[{"name":"wp","href":"https:\/\/api.w.org\/{rel}","templated":true}]}}